
{"id":866,"date":"2015-08-11T14:54:49","date_gmt":"2015-08-11T12:54:49","guid":{"rendered":"http:\/\/czech-film.cz\/napiste-nam-2\/"},"modified":"2015-08-11T15:07:25","modified_gmt":"2015-08-11T13:07:25","slug":"send-us-a-message","status":"publish","type":"page","link":"https:\/\/czech-film.cz\/en\/send-us-a-message\/","title":{"rendered":"Send us a message"},"content":{"rendered":"<div id=\"contactform\"><form class=\"form-horizontal\" method=\"POST\" action=\"#contactform\">\r\n                        <div class=\"form-group\">\r\n                            <label for=\"jmeno\" class=\"col-sm-4 control-label\">Your name<\/label>\r\n                            <div class=\"col-sm-8\"><input type=\"text\" class=\"form-control\" name=\"jmeno\" id=\"jmeno\" value=\"\"><\/div>\r\n                        <\/div>\r\n                        <div class=\"form-group\">\r\n                            <label for=\"prijmeni\" class=\"col-sm-4 control-label\">Your surname<\/label>\r\n                            <div class=\"col-sm-8\"><input type=\"text\" class=\"form-control\" name=\"prijmeni\" id=\"prijmeni\" value=\"\"><\/div>\r\n                        <\/div>\r\n                        <div class=\"form-group\">\r\n                            <label for=\"email\" class=\"col-sm-4 control-label\">Your e-mail<\/label>\r\n                            <div class=\"col-sm-8\"><input type=\"email\" class=\"form-control\" name=\"email\" id=\"email\" value=\"\"><\/div>\r\n                        <\/div>\r\n                        <div class=\"form-group\">\r\n                            <label for=\"phone\" class=\"col-sm-4 control-label\">Your phone<\/label>\r\n                            <div class=\"col-sm-8\"><input type=\"tel\" class=\"form-control\" name=\"phone\" id=\"phone\" value=\"\"><\/div>\r\n                        <\/div>                \r\n                        <div class=\"form-group\">\r\n                            <label for=\"message\" class=\"col-sm-4 control-label\">Your message:<\/label>\r\n                            <div class=\"col-sm-8\"><textarea class=\"form-control\" name=\"message\" id=\"message\" rows=\"6\"><\/textarea><\/div>\r\n                        <\/div>\r\n                        <div class=\"form-group\">\r\n                            <label for=\"message\" class=\"col-sm-4 control-label\">Please retype the code:&nbsp;<img decoding=\"async\" src=\"https:\/\/czech-film.cz\/wp-content\/plugins\/really-simple-captcha\/tmp\/1939567654.png\" alt=\"captcha\"><\/label>\r\n                            <div class=\"col-sm-8\"><input name=\"captcha\" id=\"captcha\" class=\"form-control\"><\/div>\r\n                            \r\n                            <input type=\"hidden\" name=\"cprefix\" id=\"cprefix\" value=\"1939567654\">\r\n                        <\/div>\r\n                        <div class=\"form-group\">\r\n                            <div class=\"col-sm-8 col-sm-offset-4\"><input type=\"submit\" class=\"btn btn-sm btn-outline\" value=\"SEND\" name=\"submit\"><\/div>\r\n                        <\/div>\r\n                    <\/form><\/div>\n","protected":false},"excerpt":{"rendered":"","protected":false},"author":6,"featured_media":0,"parent":0,"menu_order":0,"comment_status":"closed","ping_status":"closed","template":"","meta":{"footnotes":""},"yoast_head":"<!-- This site is optimized with the Yoast SEO plugin v22.8 - https:\/\/yoast.com\/wordpress\/plugins\/seo\/ -->\n<title>Send us a message - Czech FILM<\/title>\n<meta name=\"description\" content=\"Send us a message - Czech FILM - filmov\u00e1 produkce, komplexn\u00ed produk\u010dn\u00ed servis.\" \/>\n<meta name=\"robots\" content=\"index, follow, max-snippet:-1, max-image-preview:large, max-video-preview:-1\" \/>\n<link rel=\"canonical\" href=\"https:\/\/czech-film.cz\/en\/send-us-a-message\/\" \/>\n<meta property=\"og:locale\" content=\"en_US\" \/>\n<meta property=\"og:type\" content=\"article\" \/>\n<meta property=\"og:title\" content=\"Send us a message - Czech FILM\" \/>\n<meta property=\"og:description\" content=\"Send us a message - Czech FILM - filmov\u00e1 produkce, komplexn\u00ed produk\u010dn\u00ed servis.\" \/>\n<meta property=\"og:url\" content=\"https:\/\/czech-film.cz\/en\/send-us-a-message\/\" \/>\n<meta property=\"og:site_name\" content=\"Czech FILM\" \/>\n<meta property=\"article:modified_time\" content=\"2015-08-11T13:07:25+00:00\" \/>\n<script type=\"application\/ld+json\" class=\"yoast-schema-graph\">{\"@context\":\"https:\/\/schema.org\",\"@graph\":[{\"@type\":\"WebPage\",\"@id\":\"https:\/\/czech-film.cz\/en\/send-us-a-message\/\",\"url\":\"https:\/\/czech-film.cz\/en\/send-us-a-message\/\",\"name\":\"Send us a message - Czech FILM\",\"isPartOf\":{\"@id\":\"https:\/\/czech-film.cz\/#website\"},\"datePublished\":\"2015-08-11T12:54:49+00:00\",\"dateModified\":\"2015-08-11T13:07:25+00:00\",\"description\":\"Send us a message - Czech FILM - filmov\u00e1 produkce, komplexn\u00ed produk\u010dn\u00ed servis.\",\"breadcrumb\":{\"@id\":\"https:\/\/czech-film.cz\/en\/send-us-a-message\/#breadcrumb\"},\"inLanguage\":\"en-US\",\"potentialAction\":[{\"@type\":\"ReadAction\",\"target\":[\"https:\/\/czech-film.cz\/en\/send-us-a-message\/\"]}]},{\"@type\":\"BreadcrumbList\",\"@id\":\"https:\/\/czech-film.cz\/en\/send-us-a-message\/#breadcrumb\",\"itemListElement\":[{\"@type\":\"ListItem\",\"position\":1,\"name\":\"\u00davod\",\"item\":\"https:\/\/czech-film.cz\/\"},{\"@type\":\"ListItem\",\"position\":2,\"name\":\"Send us a message\"}]},{\"@type\":\"WebSite\",\"@id\":\"https:\/\/czech-film.cz\/#website\",\"url\":\"https:\/\/czech-film.cz\/\",\"name\":\"Czech FILM\",\"description\":\"filmov\u00e1 produkce, komplexn\u00ed produk\u010dn\u00ed servis\",\"potentialAction\":[{\"@type\":\"SearchAction\",\"target\":{\"@type\":\"EntryPoint\",\"urlTemplate\":\"https:\/\/czech-film.cz\/?s={search_term_string}\"},\"query-input\":\"required name=search_term_string\"}],\"inLanguage\":\"en-US\"}]}<\/script>\n<!-- \/ Yoast SEO plugin. -->","yoast_head_json":{"title":"Send us a message - Czech FILM","description":"Send us a message - Czech FILM - filmov\u00e1 produkce, komplexn\u00ed produk\u010dn\u00ed servis.","robots":{"index":"index","follow":"follow","max-snippet":"max-snippet:-1","max-image-preview":"max-image-preview:large","max-video-preview":"max-video-preview:-1"},"canonical":"https:\/\/czech-film.cz\/en\/send-us-a-message\/","og_locale":"en_US","og_type":"article","og_title":"Send us a message - Czech FILM","og_description":"Send us a message - Czech FILM - filmov\u00e1 produkce, komplexn\u00ed produk\u010dn\u00ed servis.","og_url":"https:\/\/czech-film.cz\/en\/send-us-a-message\/","og_site_name":"Czech FILM","article_modified_time":"2015-08-11T13:07:25+00:00","schema":{"@context":"https:\/\/schema.org","@graph":[{"@type":"WebPage","@id":"https:\/\/czech-film.cz\/en\/send-us-a-message\/","url":"https:\/\/czech-film.cz\/en\/send-us-a-message\/","name":"Send us a message - Czech FILM","isPartOf":{"@id":"https:\/\/czech-film.cz\/#website"},"datePublished":"2015-08-11T12:54:49+00:00","dateModified":"2015-08-11T13:07:25+00:00","description":"Send us a message - Czech FILM - filmov\u00e1 produkce, komplexn\u00ed produk\u010dn\u00ed servis.","breadcrumb":{"@id":"https:\/\/czech-film.cz\/en\/send-us-a-message\/#breadcrumb"},"inLanguage":"en-US","potentialAction":[{"@type":"ReadAction","target":["https:\/\/czech-film.cz\/en\/send-us-a-message\/"]}]},{"@type":"BreadcrumbList","@id":"https:\/\/czech-film.cz\/en\/send-us-a-message\/#breadcrumb","itemListElement":[{"@type":"ListItem","position":1,"name":"\u00davod","item":"https:\/\/czech-film.cz\/"},{"@type":"ListItem","position":2,"name":"Send us a message"}]},{"@type":"WebSite","@id":"https:\/\/czech-film.cz\/#website","url":"https:\/\/czech-film.cz\/","name":"Czech FILM","description":"filmov\u00e1 produkce, komplexn\u00ed produk\u010dn\u00ed servis","potentialAction":[{"@type":"SearchAction","target":{"@type":"EntryPoint","urlTemplate":"https:\/\/czech-film.cz\/?s={search_term_string}"},"query-input":"required name=search_term_string"}],"inLanguage":"en-US"}]}},"_links":{"self":[{"href":"https:\/\/czech-film.cz\/en\/wp-json\/wp\/v2\/pages\/866"}],"collection":[{"href":"https:\/\/czech-film.cz\/en\/wp-json\/wp\/v2\/pages"}],"about":[{"href":"https:\/\/czech-film.cz\/en\/wp-json\/wp\/v2\/types\/page"}],"author":[{"embeddable":true,"href":"https:\/\/czech-film.cz\/en\/wp-json\/wp\/v2\/users\/6"}],"replies":[{"embeddable":true,"href":"https:\/\/czech-film.cz\/en\/wp-json\/wp\/v2\/comments?post=866"}],"version-history":[{"count":1,"href":"https:\/\/czech-film.cz\/en\/wp-json\/wp\/v2\/pages\/866\/revisions"}],"predecessor-version":[{"id":867,"href":"https:\/\/czech-film.cz\/en\/wp-json\/wp\/v2\/pages\/866\/revisions\/867"}],"wp:attachment":[{"href":"https:\/\/czech-film.cz\/en\/wp-json\/wp\/v2\/media?parent=866"}],"curies":[{"name":"wp","href":"https:\/\/api.w.org\/{rel}","templated":true}]}}