
{"id":314,"date":"2012-03-09T13:43:30","date_gmt":"2012-03-09T13:43:30","guid":{"rendered":"http:\/\/czech-film.cz\/?page_id=314"},"modified":"2015-08-10T13:50:03","modified_gmt":"2015-08-10T11:50:03","slug":"services","status":"publish","type":"page","link":"https:\/\/czech-film.cz\/en\/services\/","title":{"rendered":"Services"},"content":{"rendered":"<p>We offer a&nbsp;full film service, audio and video pre-production, production and post-production.<\/p>\n<p>Main menu:<\/p>\n<ul>\n<li>Film production<\/li>\n<li>Commercials<\/li>\n<li>Documentaries<\/li>\n<li>Multimedia creation<\/li>\n<\/ul>\n<p>Film and multimedia production includes creating of concepts, scenarios, shooting, delivery of content, graphics, animation, sound, dubbing, subtitling, localization and finalization of the complete product with accessories. Services except of the inhouse production are provided in cooperation with our many years of subcontractors which we have contracted. An example may be translation agencies, supplies of film equipment, cranes, lighting, products of\u00a0 DVD mills, or photo\/recording audio\/video studios.<\/p>\n<div>\n<p>We assemble a&nbsp;team of professionals from the leading Czech screenwriters, directors, cameramen and actor celebrities on request. Don\u00b4t hesitate to apprise us with your ideas!<\/p>\n<\/div>\n","protected":false},"excerpt":{"rendered":"<p>We offer a&nbsp;full film service, audio and video pre-production, production and post-production. Main menu: Film production Commercials Documentaries Multimedia creation Film and multimedia production includes creating of concepts, scenarios, shooting, delivery of content, graphics, animation, sound, dubbing, subtitling, localization and finalization of the complete product with accessories. Services except of the inhouse production are provided<\/p>\n","protected":false},"author":6,"featured_media":0,"parent":0,"menu_order":1,"comment_status":"closed","ping_status":"closed","template":"","meta":{"footnotes":""},"yoast_head":"<!-- This site is optimized with the Yoast SEO plugin v22.8 - https:\/\/yoast.com\/wordpress\/plugins\/seo\/ -->\n<title>Services - Czech FILM<\/title>\n<meta name=\"description\" content=\"Services - Czech FILM - filmov\u00e1 produkce, komplexn\u00ed produk\u010dn\u00ed servis.\" \/>\n<meta name=\"robots\" content=\"index, follow, max-snippet:-1, max-image-preview:large, max-video-preview:-1\" \/>\n<link rel=\"canonical\" href=\"https:\/\/czech-film.cz\/en\/services\/\" \/>\n<meta property=\"og:locale\" content=\"en_US\" \/>\n<meta property=\"og:type\" content=\"article\" \/>\n<meta property=\"og:title\" content=\"Services - Czech FILM\" \/>\n<meta property=\"og:description\" content=\"Services - Czech FILM - filmov\u00e1 produkce, komplexn\u00ed produk\u010dn\u00ed servis.\" \/>\n<meta property=\"og:url\" content=\"https:\/\/czech-film.cz\/en\/services\/\" \/>\n<meta property=\"og:site_name\" content=\"Czech FILM\" \/>\n<meta property=\"article:modified_time\" content=\"2015-08-10T11:50:03+00:00\" \/>\n<meta name=\"twitter:label1\" content=\"Est. reading time\" \/>\n\t<meta name=\"twitter:data1\" content=\"1 minute\" \/>\n<script type=\"application\/ld+json\" class=\"yoast-schema-graph\">{\"@context\":\"https:\/\/schema.org\",\"@graph\":[{\"@type\":\"WebPage\",\"@id\":\"https:\/\/czech-film.cz\/en\/services\/\",\"url\":\"https:\/\/czech-film.cz\/en\/services\/\",\"name\":\"Services - Czech FILM\",\"isPartOf\":{\"@id\":\"https:\/\/czech-film.cz\/#website\"},\"datePublished\":\"2012-03-09T13:43:30+00:00\",\"dateModified\":\"2015-08-10T11:50:03+00:00\",\"description\":\"Services - Czech FILM - filmov\u00e1 produkce, komplexn\u00ed produk\u010dn\u00ed servis.\",\"breadcrumb\":{\"@id\":\"https:\/\/czech-film.cz\/en\/services\/#breadcrumb\"},\"inLanguage\":\"en-US\",\"potentialAction\":[{\"@type\":\"ReadAction\",\"target\":[\"https:\/\/czech-film.cz\/en\/services\/\"]}]},{\"@type\":\"BreadcrumbList\",\"@id\":\"https:\/\/czech-film.cz\/en\/services\/#breadcrumb\",\"itemListElement\":[{\"@type\":\"ListItem\",\"position\":1,\"name\":\"\u00davod\",\"item\":\"https:\/\/czech-film.cz\/\"},{\"@type\":\"ListItem\",\"position\":2,\"name\":\"Services\"}]},{\"@type\":\"WebSite\",\"@id\":\"https:\/\/czech-film.cz\/#website\",\"url\":\"https:\/\/czech-film.cz\/\",\"name\":\"Czech FILM\",\"description\":\"filmov\u00e1 produkce, komplexn\u00ed produk\u010dn\u00ed servis\",\"potentialAction\":[{\"@type\":\"SearchAction\",\"target\":{\"@type\":\"EntryPoint\",\"urlTemplate\":\"https:\/\/czech-film.cz\/?s={search_term_string}\"},\"query-input\":\"required name=search_term_string\"}],\"inLanguage\":\"en-US\"}]}<\/script>\n<!-- \/ Yoast SEO plugin. -->","yoast_head_json":{"title":"Services - Czech FILM","description":"Services - Czech FILM - filmov\u00e1 produkce, komplexn\u00ed produk\u010dn\u00ed servis.","robots":{"index":"index","follow":"follow","max-snippet":"max-snippet:-1","max-image-preview":"max-image-preview:large","max-video-preview":"max-video-preview:-1"},"canonical":"https:\/\/czech-film.cz\/en\/services\/","og_locale":"en_US","og_type":"article","og_title":"Services - Czech FILM","og_description":"Services - Czech FILM - filmov\u00e1 produkce, komplexn\u00ed produk\u010dn\u00ed servis.","og_url":"https:\/\/czech-film.cz\/en\/services\/","og_site_name":"Czech FILM","article_modified_time":"2015-08-10T11:50:03+00:00","twitter_misc":{"Est. reading time":"1 minute"},"schema":{"@context":"https:\/\/schema.org","@graph":[{"@type":"WebPage","@id":"https:\/\/czech-film.cz\/en\/services\/","url":"https:\/\/czech-film.cz\/en\/services\/","name":"Services - Czech FILM","isPartOf":{"@id":"https:\/\/czech-film.cz\/#website"},"datePublished":"2012-03-09T13:43:30+00:00","dateModified":"2015-08-10T11:50:03+00:00","description":"Services - Czech FILM - filmov\u00e1 produkce, komplexn\u00ed produk\u010dn\u00ed servis.","breadcrumb":{"@id":"https:\/\/czech-film.cz\/en\/services\/#breadcrumb"},"inLanguage":"en-US","potentialAction":[{"@type":"ReadAction","target":["https:\/\/czech-film.cz\/en\/services\/"]}]},{"@type":"BreadcrumbList","@id":"https:\/\/czech-film.cz\/en\/services\/#breadcrumb","itemListElement":[{"@type":"ListItem","position":1,"name":"\u00davod","item":"https:\/\/czech-film.cz\/"},{"@type":"ListItem","position":2,"name":"Services"}]},{"@type":"WebSite","@id":"https:\/\/czech-film.cz\/#website","url":"https:\/\/czech-film.cz\/","name":"Czech FILM","description":"filmov\u00e1 produkce, komplexn\u00ed produk\u010dn\u00ed servis","potentialAction":[{"@type":"SearchAction","target":{"@type":"EntryPoint","urlTemplate":"https:\/\/czech-film.cz\/?s={search_term_string}"},"query-input":"required name=search_term_string"}],"inLanguage":"en-US"}]}},"_links":{"self":[{"href":"https:\/\/czech-film.cz\/en\/wp-json\/wp\/v2\/pages\/314"}],"collection":[{"href":"https:\/\/czech-film.cz\/en\/wp-json\/wp\/v2\/pages"}],"about":[{"href":"https:\/\/czech-film.cz\/en\/wp-json\/wp\/v2\/types\/page"}],"author":[{"embeddable":true,"href":"https:\/\/czech-film.cz\/en\/wp-json\/wp\/v2\/users\/6"}],"replies":[{"embeddable":true,"href":"https:\/\/czech-film.cz\/en\/wp-json\/wp\/v2\/comments?post=314"}],"version-history":[{"count":1,"href":"https:\/\/czech-film.cz\/en\/wp-json\/wp\/v2\/pages\/314\/revisions"}],"predecessor-version":[{"id":772,"href":"https:\/\/czech-film.cz\/en\/wp-json\/wp\/v2\/pages\/314\/revisions\/772"}],"wp:attachment":[{"href":"https:\/\/czech-film.cz\/en\/wp-json\/wp\/v2\/media?parent=314"}],"curies":[{"name":"wp","href":"https:\/\/api.w.org\/{rel}","templated":true}]}}