
{"id":312,"date":"2012-03-09T13:43:12","date_gmt":"2012-03-09T13:43:12","guid":{"rendered":"http:\/\/czech-film.cz\/?page_id=312"},"modified":"2015-08-10T13:55:03","modified_gmt":"2015-08-10T11:55:03","slug":"reference-2","status":"publish","type":"page","link":"https:\/\/czech-film.cz\/en\/reference-2\/","title":{"rendered":"Reference en"},"content":{"rendered":"<h2><a target=\"_blank\" href=\"https:\/\/vimeo.com\/channels\/czechfilmcz\/videos\">Selection of references on Vimeo<\/a><\/h2>\n<p><strong>TV spots &#8220;Levn\u00e9 knihy&#8221;<\/strong><\/p>\n<div class=\"container-lazyload container-vimeo js-lazyload--not-loaded\"><a href=\"https:\/\/vimeo.com\/91606036\" id=\"91606036\" class=\"lazy-load-vimeo preview-lazyload preview-vimeo\" data-video-uri=\"\/videos\/91606036\" data-video-thumbnail=\"\" data-video-title=\"\" title=\"Play video &quot;&quot;\">https:\/\/vimeo.com\/91606036<\/a><noscript>Video can&#8217;t be loaded because JavaScript is disabled: <a href=\"https:\/\/vimeo.com\/91606036\" title=\"\"> (https:\/\/vimeo.com\/91606036)<\/a><\/noscript><\/div>\n<p><strong>MPO &#8211; Seed Fond &#8211; promotion spot<\/strong><\/p>\n<div class=\"container-lazyload container-vimeo js-lazyload--not-loaded\"><a href=\"https:\/\/vimeo.com\/91606460\" id=\"91606460\" class=\"lazy-load-vimeo preview-lazyload preview-vimeo\" data-video-uri=\"\/videos\/91606460\" data-video-thumbnail=\"\" data-video-title=\"\" title=\"Play video &quot;&quot;\">https:\/\/vimeo.com\/91606460<\/a><noscript>Video can&#8217;t be loaded because JavaScript is disabled: <a href=\"https:\/\/vimeo.com\/91606460\" title=\"\"> (https:\/\/vimeo.com\/91606460)<\/a><\/noscript><\/div>\n<p><strong>Aeskulab &#8211; promotion spot<\/strong><\/p>\n<div class=\"container-lazyload container-vimeo js-lazyload--not-loaded\"><a href=\"https:\/\/vimeo.com\/91606462\" id=\"91606462\" class=\"lazy-load-vimeo preview-lazyload preview-vimeo\" data-video-uri=\"\/videos\/91606462\" data-video-thumbnail=\"\" data-video-title=\"\" title=\"Play video &quot;&quot;\">https:\/\/vimeo.com\/91606462<\/a><noscript>Video can&#8217;t be loaded because JavaScript is disabled: <a href=\"https:\/\/vimeo.com\/91606462\" title=\"\"> (https:\/\/vimeo.com\/91606462)<\/a><\/noscript><\/div>\n<p><strong>Team portfolio<\/strong><br \/>\n<a href=\"\/en\/crew\/david-sis\/\">David S\u00eds<\/a><br \/>\n<a href=\"\/en\/crew\/michal-jahn\/\">Michal Jahn<\/a><br \/>\n<a href=\"\/en\/crew\/milan-chadima\/\">Milan Chadima<\/a><br \/>\n<a href=\"\/en\/crew\/pavel-gobl\/\">Pavel G\u00f6bl<\/a><br \/>\n<a href=\"\/en\/crew\/premysl-klimsza\/\">P\u0159emysl Klimsza<\/a><br \/>\n<a href=\"\/en\/crew\/tomas-belohradsky\/\">Tom\u00e1\u0161 B\u011blohradsk\u00fd<\/a><\/p>\n","protected":false},"excerpt":{"rendered":"<p>Selection of references on Vimeo TV spots &#8220;Levn\u00e9 knihy&#8221; https:\/\/vimeo.com\/91606036Video can&#8217;t be loaded because JavaScript is disabled: (https:\/\/vimeo.com\/91606036) MPO &#8211; Seed Fond &#8211; promotion spot https:\/\/vimeo.com\/91606460Video can&#8217;t be loaded because JavaScript is disabled: (https:\/\/vimeo.com\/91606460) Aeskulab &#8211; promotion spot https:\/\/vimeo.com\/91606462Video can&#8217;t be loaded because JavaScript is disabled: (https:\/\/vimeo.com\/91606462) Team portfolio David S\u00eds Michal Jahn Milan Chadima<\/p>\n","protected":false},"author":6,"featured_media":0,"parent":0,"menu_order":3,"comment_status":"closed","ping_status":"closed","template":"","meta":{"footnotes":""},"yoast_head":"<!-- This site is optimized with the Yoast SEO plugin v22.8 - https:\/\/yoast.com\/wordpress\/plugins\/seo\/ -->\n<title>Reference en - Czech FILM<\/title>\n<meta name=\"description\" content=\"Reference en - Czech FILM - filmov\u00e1 produkce, komplexn\u00ed produk\u010dn\u00ed servis.\" \/>\n<meta name=\"robots\" content=\"index, follow, max-snippet:-1, max-image-preview:large, max-video-preview:-1\" \/>\n<link rel=\"canonical\" href=\"https:\/\/czech-film.cz\/en\/reference-2\/\" \/>\n<meta property=\"og:locale\" content=\"en_US\" \/>\n<meta property=\"og:type\" content=\"article\" \/>\n<meta property=\"og:title\" content=\"Reference en - Czech FILM\" \/>\n<meta property=\"og:description\" content=\"Reference en - Czech FILM - filmov\u00e1 produkce, komplexn\u00ed produk\u010dn\u00ed servis.\" \/>\n<meta property=\"og:url\" content=\"https:\/\/czech-film.cz\/en\/reference-2\/\" \/>\n<meta property=\"og:site_name\" content=\"Czech FILM\" \/>\n<meta property=\"article:modified_time\" content=\"2015-08-10T11:55:03+00:00\" \/>\n<script type=\"application\/ld+json\" class=\"yoast-schema-graph\">{\"@context\":\"https:\/\/schema.org\",\"@graph\":[{\"@type\":\"WebPage\",\"@id\":\"https:\/\/czech-film.cz\/en\/reference-2\/\",\"url\":\"https:\/\/czech-film.cz\/en\/reference-2\/\",\"name\":\"Reference en - Czech FILM\",\"isPartOf\":{\"@id\":\"https:\/\/czech-film.cz\/#website\"},\"datePublished\":\"2012-03-09T13:43:12+00:00\",\"dateModified\":\"2015-08-10T11:55:03+00:00\",\"description\":\"Reference en - Czech FILM - filmov\u00e1 produkce, komplexn\u00ed produk\u010dn\u00ed servis.\",\"breadcrumb\":{\"@id\":\"https:\/\/czech-film.cz\/en\/reference-2\/#breadcrumb\"},\"inLanguage\":\"en-US\",\"potentialAction\":[{\"@type\":\"ReadAction\",\"target\":[\"https:\/\/czech-film.cz\/en\/reference-2\/\"]}]},{\"@type\":\"BreadcrumbList\",\"@id\":\"https:\/\/czech-film.cz\/en\/reference-2\/#breadcrumb\",\"itemListElement\":[{\"@type\":\"ListItem\",\"position\":1,\"name\":\"\u00davod\",\"item\":\"https:\/\/czech-film.cz\/\"},{\"@type\":\"ListItem\",\"position\":2,\"name\":\"Reference en\"}]},{\"@type\":\"WebSite\",\"@id\":\"https:\/\/czech-film.cz\/#website\",\"url\":\"https:\/\/czech-film.cz\/\",\"name\":\"Czech FILM\",\"description\":\"filmov\u00e1 produkce, komplexn\u00ed produk\u010dn\u00ed servis\",\"potentialAction\":[{\"@type\":\"SearchAction\",\"target\":{\"@type\":\"EntryPoint\",\"urlTemplate\":\"https:\/\/czech-film.cz\/?s={search_term_string}\"},\"query-input\":\"required name=search_term_string\"}],\"inLanguage\":\"en-US\"}]}<\/script>\n<!-- \/ Yoast SEO plugin. -->","yoast_head_json":{"title":"Reference en - Czech FILM","description":"Reference en - Czech FILM - filmov\u00e1 produkce, komplexn\u00ed produk\u010dn\u00ed servis.","robots":{"index":"index","follow":"follow","max-snippet":"max-snippet:-1","max-image-preview":"max-image-preview:large","max-video-preview":"max-video-preview:-1"},"canonical":"https:\/\/czech-film.cz\/en\/reference-2\/","og_locale":"en_US","og_type":"article","og_title":"Reference en - Czech FILM","og_description":"Reference en - Czech FILM - filmov\u00e1 produkce, komplexn\u00ed produk\u010dn\u00ed servis.","og_url":"https:\/\/czech-film.cz\/en\/reference-2\/","og_site_name":"Czech FILM","article_modified_time":"2015-08-10T11:55:03+00:00","schema":{"@context":"https:\/\/schema.org","@graph":[{"@type":"WebPage","@id":"https:\/\/czech-film.cz\/en\/reference-2\/","url":"https:\/\/czech-film.cz\/en\/reference-2\/","name":"Reference en - Czech FILM","isPartOf":{"@id":"https:\/\/czech-film.cz\/#website"},"datePublished":"2012-03-09T13:43:12+00:00","dateModified":"2015-08-10T11:55:03+00:00","description":"Reference en - Czech FILM - filmov\u00e1 produkce, komplexn\u00ed produk\u010dn\u00ed servis.","breadcrumb":{"@id":"https:\/\/czech-film.cz\/en\/reference-2\/#breadcrumb"},"inLanguage":"en-US","potentialAction":[{"@type":"ReadAction","target":["https:\/\/czech-film.cz\/en\/reference-2\/"]}]},{"@type":"BreadcrumbList","@id":"https:\/\/czech-film.cz\/en\/reference-2\/#breadcrumb","itemListElement":[{"@type":"ListItem","position":1,"name":"\u00davod","item":"https:\/\/czech-film.cz\/"},{"@type":"ListItem","position":2,"name":"Reference en"}]},{"@type":"WebSite","@id":"https:\/\/czech-film.cz\/#website","url":"https:\/\/czech-film.cz\/","name":"Czech FILM","description":"filmov\u00e1 produkce, komplexn\u00ed produk\u010dn\u00ed servis","potentialAction":[{"@type":"SearchAction","target":{"@type":"EntryPoint","urlTemplate":"https:\/\/czech-film.cz\/?s={search_term_string}"},"query-input":"required name=search_term_string"}],"inLanguage":"en-US"}]}},"_links":{"self":[{"href":"https:\/\/czech-film.cz\/en\/wp-json\/wp\/v2\/pages\/312"}],"collection":[{"href":"https:\/\/czech-film.cz\/en\/wp-json\/wp\/v2\/pages"}],"about":[{"href":"https:\/\/czech-film.cz\/en\/wp-json\/wp\/v2\/types\/page"}],"author":[{"embeddable":true,"href":"https:\/\/czech-film.cz\/en\/wp-json\/wp\/v2\/users\/6"}],"replies":[{"embeddable":true,"href":"https:\/\/czech-film.cz\/en\/wp-json\/wp\/v2\/comments?post=312"}],"version-history":[{"count":1,"href":"https:\/\/czech-film.cz\/en\/wp-json\/wp\/v2\/pages\/312\/revisions"}],"predecessor-version":[{"id":778,"href":"https:\/\/czech-film.cz\/en\/wp-json\/wp\/v2\/pages\/312\/revisions\/778"}],"wp:attachment":[{"href":"https:\/\/czech-film.cz\/en\/wp-json\/wp\/v2\/media?parent=312"}],"curies":[{"name":"wp","href":"https:\/\/api.w.org\/{rel}","templated":true}]}}