
{"id":310,"date":"2012-03-09T13:41:01","date_gmt":"2012-03-09T13:41:01","guid":{"rendered":"http:\/\/czech-film.cz\/?page_id=310"},"modified":"2015-08-10T13:52:03","modified_gmt":"2015-08-10T11:52:03","slug":"news-old","status":"publish","type":"page","link":"https:\/\/czech-film.cz\/en\/news-old\/","title":{"rendered":"News"},"content":{"rendered":"<p>1.10.2012<br \/>\n<a href=\"http:\/\/www.csfd.cz\/film\/307640-gorila\/\">How is Gorilla..<\/a><\/p>\n<p>1.3.2012<br \/>\n<a href=\"http:\/\/czech-film.cz\/en\/reference\/\"><span style=\"text-decoration: underline;\">Commercials of our production are currently seen on TV<\/span><\/a><\/p>\n<p>1.2.2012<br \/>\nWe prepare a&nbsp;film based on the book The Unloved written by Arno\u0161t Lustig which was awarded as Best Jewish Book for Fiction in 1986. <a href=\"http:\/\/czech-film.cz\/en\/box-4-en\/database-of-voices\/\"><span style=\"text-decoration: underline;\">More about The Unloved<\/span><\/a>.<\/p>\n","protected":false},"excerpt":{"rendered":"<p>1.10.2012 How is Gorilla.. 1.3.2012 Commercials of our production are currently seen on TV 1.2.2012 We prepare a&nbsp;film based on the book The Unloved written by Arno\u0161t Lustig which was awarded as Best Jewish Book for Fiction in 1986. More about The Unloved.<\/p>\n","protected":false},"author":6,"featured_media":0,"parent":0,"menu_order":0,"comment_status":"closed","ping_status":"closed","template":"","meta":{"footnotes":""},"yoast_head":"<!-- This site is optimized with the Yoast SEO plugin v22.8 - https:\/\/yoast.com\/wordpress\/plugins\/seo\/ -->\n<title>News - Czech FILM<\/title>\n<meta name=\"description\" content=\"News - Czech FILM - filmov\u00e1 produkce, komplexn\u00ed produk\u010dn\u00ed servis.\" \/>\n<meta name=\"robots\" content=\"index, follow, max-snippet:-1, max-image-preview:large, max-video-preview:-1\" \/>\n<link rel=\"canonical\" href=\"https:\/\/czech-film.cz\/en\/news-old\/\" \/>\n<meta property=\"og:locale\" content=\"en_US\" \/>\n<meta property=\"og:type\" content=\"article\" \/>\n<meta property=\"og:title\" content=\"News - Czech FILM\" \/>\n<meta property=\"og:description\" content=\"News - Czech FILM - filmov\u00e1 produkce, komplexn\u00ed produk\u010dn\u00ed servis.\" \/>\n<meta property=\"og:url\" content=\"https:\/\/czech-film.cz\/en\/news-old\/\" \/>\n<meta property=\"og:site_name\" content=\"Czech FILM\" \/>\n<meta property=\"article:modified_time\" content=\"2015-08-10T11:52:03+00:00\" \/>\n<script type=\"application\/ld+json\" class=\"yoast-schema-graph\">{\"@context\":\"https:\/\/schema.org\",\"@graph\":[{\"@type\":\"WebPage\",\"@id\":\"https:\/\/czech-film.cz\/en\/news-old\/\",\"url\":\"https:\/\/czech-film.cz\/en\/news-old\/\",\"name\":\"News - Czech FILM\",\"isPartOf\":{\"@id\":\"https:\/\/czech-film.cz\/#website\"},\"datePublished\":\"2012-03-09T13:41:01+00:00\",\"dateModified\":\"2015-08-10T11:52:03+00:00\",\"description\":\"News - Czech FILM - filmov\u00e1 produkce, komplexn\u00ed produk\u010dn\u00ed servis.\",\"breadcrumb\":{\"@id\":\"https:\/\/czech-film.cz\/en\/news-old\/#breadcrumb\"},\"inLanguage\":\"en-US\",\"potentialAction\":[{\"@type\":\"ReadAction\",\"target\":[\"https:\/\/czech-film.cz\/en\/news-old\/\"]}]},{\"@type\":\"BreadcrumbList\",\"@id\":\"https:\/\/czech-film.cz\/en\/news-old\/#breadcrumb\",\"itemListElement\":[{\"@type\":\"ListItem\",\"position\":1,\"name\":\"\u00davod\",\"item\":\"https:\/\/czech-film.cz\/\"},{\"@type\":\"ListItem\",\"position\":2,\"name\":\"News\"}]},{\"@type\":\"WebSite\",\"@id\":\"https:\/\/czech-film.cz\/#website\",\"url\":\"https:\/\/czech-film.cz\/\",\"name\":\"Czech FILM\",\"description\":\"filmov\u00e1 produkce, komplexn\u00ed produk\u010dn\u00ed servis\",\"potentialAction\":[{\"@type\":\"SearchAction\",\"target\":{\"@type\":\"EntryPoint\",\"urlTemplate\":\"https:\/\/czech-film.cz\/?s={search_term_string}\"},\"query-input\":\"required name=search_term_string\"}],\"inLanguage\":\"en-US\"}]}<\/script>\n<!-- \/ Yoast SEO plugin. -->","yoast_head_json":{"title":"News - Czech FILM","description":"News - Czech FILM - filmov\u00e1 produkce, komplexn\u00ed produk\u010dn\u00ed servis.","robots":{"index":"index","follow":"follow","max-snippet":"max-snippet:-1","max-image-preview":"max-image-preview:large","max-video-preview":"max-video-preview:-1"},"canonical":"https:\/\/czech-film.cz\/en\/news-old\/","og_locale":"en_US","og_type":"article","og_title":"News - Czech FILM","og_description":"News - Czech FILM - filmov\u00e1 produkce, komplexn\u00ed produk\u010dn\u00ed servis.","og_url":"https:\/\/czech-film.cz\/en\/news-old\/","og_site_name":"Czech FILM","article_modified_time":"2015-08-10T11:52:03+00:00","schema":{"@context":"https:\/\/schema.org","@graph":[{"@type":"WebPage","@id":"https:\/\/czech-film.cz\/en\/news-old\/","url":"https:\/\/czech-film.cz\/en\/news-old\/","name":"News - Czech FILM","isPartOf":{"@id":"https:\/\/czech-film.cz\/#website"},"datePublished":"2012-03-09T13:41:01+00:00","dateModified":"2015-08-10T11:52:03+00:00","description":"News - Czech FILM - filmov\u00e1 produkce, komplexn\u00ed produk\u010dn\u00ed servis.","breadcrumb":{"@id":"https:\/\/czech-film.cz\/en\/news-old\/#breadcrumb"},"inLanguage":"en-US","potentialAction":[{"@type":"ReadAction","target":["https:\/\/czech-film.cz\/en\/news-old\/"]}]},{"@type":"BreadcrumbList","@id":"https:\/\/czech-film.cz\/en\/news-old\/#breadcrumb","itemListElement":[{"@type":"ListItem","position":1,"name":"\u00davod","item":"https:\/\/czech-film.cz\/"},{"@type":"ListItem","position":2,"name":"News"}]},{"@type":"WebSite","@id":"https:\/\/czech-film.cz\/#website","url":"https:\/\/czech-film.cz\/","name":"Czech FILM","description":"filmov\u00e1 produkce, komplexn\u00ed produk\u010dn\u00ed servis","potentialAction":[{"@type":"SearchAction","target":{"@type":"EntryPoint","urlTemplate":"https:\/\/czech-film.cz\/?s={search_term_string}"},"query-input":"required name=search_term_string"}],"inLanguage":"en-US"}]}},"_links":{"self":[{"href":"https:\/\/czech-film.cz\/en\/wp-json\/wp\/v2\/pages\/310"}],"collection":[{"href":"https:\/\/czech-film.cz\/en\/wp-json\/wp\/v2\/pages"}],"about":[{"href":"https:\/\/czech-film.cz\/en\/wp-json\/wp\/v2\/types\/page"}],"author":[{"embeddable":true,"href":"https:\/\/czech-film.cz\/en\/wp-json\/wp\/v2\/users\/6"}],"replies":[{"embeddable":true,"href":"https:\/\/czech-film.cz\/en\/wp-json\/wp\/v2\/comments?post=310"}],"version-history":[{"count":1,"href":"https:\/\/czech-film.cz\/en\/wp-json\/wp\/v2\/pages\/310\/revisions"}],"predecessor-version":[{"id":774,"href":"https:\/\/czech-film.cz\/en\/wp-json\/wp\/v2\/pages\/310\/revisions\/774"}],"wp:attachment":[{"href":"https:\/\/czech-film.cz\/en\/wp-json\/wp\/v2\/media?parent=310"}],"curies":[{"name":"wp","href":"https:\/\/api.w.org\/{rel}","templated":true}]}}