
{"id":306,"date":"2012-03-09T13:40:16","date_gmt":"2012-03-09T13:40:16","guid":{"rendered":"http:\/\/czech-film.cz\/?page_id=306"},"modified":"2017-12-08T11:19:04","modified_gmt":"2017-12-08T09:19:04","slug":"jobs","status":"publish","type":"page","link":"https:\/\/czech-film.cz\/en\/about-us\/jobs\/","title":{"rendered":"Career"},"content":{"rendered":"<p>If you want to work with us on interesting projects, don\u00b4t hesitate to let us know about yourself. <strong>We\u00a0 expand our team on professional associate <\/strong>constantly.<\/p>\n<p>Please send us your CVs with your references on e-mail <a href=\"mailto:info@czech-film.cz\">info@czech-film.cz<\/a>. Don\u00b4t forget to quote what profession you control, what equipment you have, what is your experience, specialization and what you are already over (references). We are interested in the price list (not required).<\/p>\n<p>Offers to interesting <strong>project collaboration or partnership<\/strong> please send us\u00a0 on e-mail <a href=\"mailto:sales@czech-film.cz\">sales@czech-film.cz<\/a>. We will be pleased to support <strong>sophisticated projects <\/strong>and to help you with further business development.<\/p>\n","protected":false},"excerpt":{"rendered":"<p>If you want to work with us on interesting projects, don\u00b4t hesitate to let us know about yourself. We\u00a0 expand our team on professional associate constantly. Please send us your CVs with your references on e-mail info@czech-film.cz. Don\u00b4t forget to quote what profession you control, what equipment you have, what is your experience, specialization and<\/p>\n","protected":false},"author":6,"featured_media":0,"parent":304,"menu_order":0,"comment_status":"closed","ping_status":"closed","template":"","meta":{"footnotes":""},"yoast_head":"<!-- This site is optimized with the Yoast SEO plugin v22.8 - https:\/\/yoast.com\/wordpress\/plugins\/seo\/ -->\n<title>Career - Czech FILM<\/title>\n<meta name=\"description\" content=\"Career - Czech FILM - filmov\u00e1 produkce, komplexn\u00ed produk\u010dn\u00ed servis.\" \/>\n<meta name=\"robots\" content=\"index, follow, max-snippet:-1, max-image-preview:large, max-video-preview:-1\" \/>\n<link rel=\"canonical\" href=\"https:\/\/czech-film.cz\/en\/about-us\/jobs\/\" \/>\n<meta property=\"og:locale\" content=\"en_US\" \/>\n<meta property=\"og:type\" content=\"article\" \/>\n<meta property=\"og:title\" content=\"Career - Czech FILM\" \/>\n<meta property=\"og:description\" content=\"Career - Czech FILM - filmov\u00e1 produkce, komplexn\u00ed produk\u010dn\u00ed servis.\" \/>\n<meta property=\"og:url\" content=\"https:\/\/czech-film.cz\/en\/about-us\/jobs\/\" \/>\n<meta property=\"og:site_name\" content=\"Czech FILM\" \/>\n<meta property=\"article:modified_time\" content=\"2017-12-08T09:19:04+00:00\" \/>\n<meta name=\"twitter:label1\" content=\"Est. reading time\" \/>\n\t<meta name=\"twitter:data1\" content=\"1 minute\" \/>\n<script type=\"application\/ld+json\" class=\"yoast-schema-graph\">{\"@context\":\"https:\/\/schema.org\",\"@graph\":[{\"@type\":\"WebPage\",\"@id\":\"https:\/\/czech-film.cz\/en\/about-us\/jobs\/\",\"url\":\"https:\/\/czech-film.cz\/en\/about-us\/jobs\/\",\"name\":\"Career - Czech FILM\",\"isPartOf\":{\"@id\":\"https:\/\/czech-film.cz\/#website\"},\"datePublished\":\"2012-03-09T13:40:16+00:00\",\"dateModified\":\"2017-12-08T09:19:04+00:00\",\"description\":\"Career - Czech FILM - filmov\u00e1 produkce, komplexn\u00ed produk\u010dn\u00ed servis.\",\"breadcrumb\":{\"@id\":\"https:\/\/czech-film.cz\/en\/about-us\/jobs\/#breadcrumb\"},\"inLanguage\":\"en-US\",\"potentialAction\":[{\"@type\":\"ReadAction\",\"target\":[\"https:\/\/czech-film.cz\/en\/about-us\/jobs\/\"]}]},{\"@type\":\"BreadcrumbList\",\"@id\":\"https:\/\/czech-film.cz\/en\/about-us\/jobs\/#breadcrumb\",\"itemListElement\":[{\"@type\":\"ListItem\",\"position\":1,\"name\":\"\u00davod\",\"item\":\"https:\/\/czech-film.cz\/\"},{\"@type\":\"ListItem\",\"position\":2,\"name\":\"About us\",\"item\":\"https:\/\/czech-film.cz\/en\/about-us\/\"},{\"@type\":\"ListItem\",\"position\":3,\"name\":\"Career\"}]},{\"@type\":\"WebSite\",\"@id\":\"https:\/\/czech-film.cz\/#website\",\"url\":\"https:\/\/czech-film.cz\/\",\"name\":\"Czech FILM\",\"description\":\"filmov\u00e1 produkce, komplexn\u00ed produk\u010dn\u00ed servis\",\"potentialAction\":[{\"@type\":\"SearchAction\",\"target\":{\"@type\":\"EntryPoint\",\"urlTemplate\":\"https:\/\/czech-film.cz\/?s={search_term_string}\"},\"query-input\":\"required name=search_term_string\"}],\"inLanguage\":\"en-US\"}]}<\/script>\n<!-- \/ Yoast SEO plugin. -->","yoast_head_json":{"title":"Career - Czech FILM","description":"Career - Czech FILM - filmov\u00e1 produkce, komplexn\u00ed produk\u010dn\u00ed servis.","robots":{"index":"index","follow":"follow","max-snippet":"max-snippet:-1","max-image-preview":"max-image-preview:large","max-video-preview":"max-video-preview:-1"},"canonical":"https:\/\/czech-film.cz\/en\/about-us\/jobs\/","og_locale":"en_US","og_type":"article","og_title":"Career - Czech FILM","og_description":"Career - Czech FILM - filmov\u00e1 produkce, komplexn\u00ed produk\u010dn\u00ed servis.","og_url":"https:\/\/czech-film.cz\/en\/about-us\/jobs\/","og_site_name":"Czech FILM","article_modified_time":"2017-12-08T09:19:04+00:00","twitter_misc":{"Est. reading time":"1 minute"},"schema":{"@context":"https:\/\/schema.org","@graph":[{"@type":"WebPage","@id":"https:\/\/czech-film.cz\/en\/about-us\/jobs\/","url":"https:\/\/czech-film.cz\/en\/about-us\/jobs\/","name":"Career - Czech FILM","isPartOf":{"@id":"https:\/\/czech-film.cz\/#website"},"datePublished":"2012-03-09T13:40:16+00:00","dateModified":"2017-12-08T09:19:04+00:00","description":"Career - Czech FILM - filmov\u00e1 produkce, komplexn\u00ed produk\u010dn\u00ed servis.","breadcrumb":{"@id":"https:\/\/czech-film.cz\/en\/about-us\/jobs\/#breadcrumb"},"inLanguage":"en-US","potentialAction":[{"@type":"ReadAction","target":["https:\/\/czech-film.cz\/en\/about-us\/jobs\/"]}]},{"@type":"BreadcrumbList","@id":"https:\/\/czech-film.cz\/en\/about-us\/jobs\/#breadcrumb","itemListElement":[{"@type":"ListItem","position":1,"name":"\u00davod","item":"https:\/\/czech-film.cz\/"},{"@type":"ListItem","position":2,"name":"About us","item":"https:\/\/czech-film.cz\/en\/about-us\/"},{"@type":"ListItem","position":3,"name":"Career"}]},{"@type":"WebSite","@id":"https:\/\/czech-film.cz\/#website","url":"https:\/\/czech-film.cz\/","name":"Czech FILM","description":"filmov\u00e1 produkce, komplexn\u00ed produk\u010dn\u00ed servis","potentialAction":[{"@type":"SearchAction","target":{"@type":"EntryPoint","urlTemplate":"https:\/\/czech-film.cz\/?s={search_term_string}"},"query-input":"required name=search_term_string"}],"inLanguage":"en-US"}]}},"_links":{"self":[{"href":"https:\/\/czech-film.cz\/en\/wp-json\/wp\/v2\/pages\/306"}],"collection":[{"href":"https:\/\/czech-film.cz\/en\/wp-json\/wp\/v2\/pages"}],"about":[{"href":"https:\/\/czech-film.cz\/en\/wp-json\/wp\/v2\/types\/page"}],"author":[{"embeddable":true,"href":"https:\/\/czech-film.cz\/en\/wp-json\/wp\/v2\/users\/6"}],"replies":[{"embeddable":true,"href":"https:\/\/czech-film.cz\/en\/wp-json\/wp\/v2\/comments?post=306"}],"version-history":[{"count":3,"href":"https:\/\/czech-film.cz\/en\/wp-json\/wp\/v2\/pages\/306\/revisions"}],"predecessor-version":[{"id":1161,"href":"https:\/\/czech-film.cz\/en\/wp-json\/wp\/v2\/pages\/306\/revisions\/1161"}],"up":[{"embeddable":true,"href":"https:\/\/czech-film.cz\/en\/wp-json\/wp\/v2\/pages\/304"}],"wp:attachment":[{"href":"https:\/\/czech-film.cz\/en\/wp-json\/wp\/v2\/media?parent=306"}],"curies":[{"name":"wp","href":"https:\/\/api.w.org\/{rel}","templated":true}]}}