
{"id":304,"date":"2012-03-09T13:39:08","date_gmt":"2012-03-09T13:39:08","guid":{"rendered":"http:\/\/czech-film.cz\/?page_id=304"},"modified":"2017-12-08T13:23:55","modified_gmt":"2017-12-08T11:23:55","slug":"about-us","status":"publish","type":"page","link":"https:\/\/czech-film.cz\/en\/about-us\/","title":{"rendered":"About us"},"content":{"rendered":"<p>Czech FILM is represented by the producers Tom\u00e1\u0161 B\u011blohradsk\u00fd and P\u0159emysl Klimsza.\u00a0 We provide the comprehensive film pre-production, production and post-production. We focus mainly on Czech Republic. Our team of prominent Czech scriptwriters, directors, cinematographers and celebrity actors have many years of professional experience and can rely on references from major clients. We are filmmakers who work every year on several foreign and Czech projects. We are also engaged in the production of TV advertising.<\/p>\n<p>In recent years, we have completed the development of several films by screenwriter Pavel G\u00f6bl &#8211; Gorilla, Sunrise Supervising, Supervision the meaning of dream and Silent Companion. We are currently working on the development of projects Singing amidst September (Karel Rada), Mom, tell me a&nbsp;fairy-tale (Vladislav Ku\u010d\u00edk) and the Unloved (Arno\u0161t Lustig).<\/p>\n<p>For your project, we will provide a&nbsp;team of Czech scriptwriters, directors, cinematographers and celebrity actors. We will arrange beautiful Czech locations for your project. We are the members of the <a href=\"http:\/\/czech-multimedia.cz\/\" target=\"_blank\">CZECH MULTIMEDIA group<\/a>.<\/p>\n","protected":false},"excerpt":{"rendered":"<p>Czech FILM is represented by the producers Tom\u00e1\u0161 B\u011blohradsk\u00fd and P\u0159emysl Klimsza.\u00a0 We provide the comprehensive film pre-production, production and post-production. We focus mainly on Czech Republic. Our team of prominent Czech scriptwriters, directors, cinematographers and celebrity actors have many years of professional experience and can rely on references from major clients. We are filmmakers<\/p>\n","protected":false},"author":6,"featured_media":0,"parent":0,"menu_order":4,"comment_status":"closed","ping_status":"closed","template":"","meta":{"footnotes":""},"yoast_head":"<!-- This site is optimized with the Yoast SEO plugin v22.8 - https:\/\/yoast.com\/wordpress\/plugins\/seo\/ -->\n<title>About us - Czech FILM<\/title>\n<meta name=\"description\" content=\"Czech FILM, the producers Tom\u00e1\u0161 B\u011blohradsk\u00fd and P\u0159emysl Klimsza, provides comprehensive film pre-production, production and post-production.\" \/>\n<meta name=\"robots\" content=\"index, follow, max-snippet:-1, max-image-preview:large, max-video-preview:-1\" \/>\n<link rel=\"canonical\" href=\"https:\/\/czech-film.cz\/en\/about-us\/\" \/>\n<meta property=\"og:locale\" content=\"en_US\" \/>\n<meta property=\"og:type\" content=\"article\" \/>\n<meta property=\"og:title\" content=\"About us - Czech FILM\" \/>\n<meta property=\"og:description\" content=\"Czech FILM, the producers Tom\u00e1\u0161 B\u011blohradsk\u00fd and P\u0159emysl Klimsza, provides comprehensive film pre-production, production and post-production.\" \/>\n<meta property=\"og:url\" content=\"https:\/\/czech-film.cz\/en\/about-us\/\" \/>\n<meta property=\"og:site_name\" content=\"Czech FILM\" \/>\n<meta property=\"article:modified_time\" content=\"2017-12-08T11:23:55+00:00\" \/>\n<meta name=\"twitter:label1\" content=\"Est. reading time\" \/>\n\t<meta name=\"twitter:data1\" content=\"1 minute\" \/>\n<script type=\"application\/ld+json\" class=\"yoast-schema-graph\">{\"@context\":\"https:\/\/schema.org\",\"@graph\":[{\"@type\":\"WebPage\",\"@id\":\"https:\/\/czech-film.cz\/en\/about-us\/\",\"url\":\"https:\/\/czech-film.cz\/en\/about-us\/\",\"name\":\"About us - Czech FILM\",\"isPartOf\":{\"@id\":\"https:\/\/czech-film.cz\/#website\"},\"datePublished\":\"2012-03-09T13:39:08+00:00\",\"dateModified\":\"2017-12-08T11:23:55+00:00\",\"description\":\"Czech FILM, the producers Tom\u00e1\u0161 B\u011blohradsk\u00fd and P\u0159emysl Klimsza, provides comprehensive film pre-production, production and post-production.\",\"breadcrumb\":{\"@id\":\"https:\/\/czech-film.cz\/en\/about-us\/#breadcrumb\"},\"inLanguage\":\"en-US\",\"potentialAction\":[{\"@type\":\"ReadAction\",\"target\":[\"https:\/\/czech-film.cz\/en\/about-us\/\"]}]},{\"@type\":\"BreadcrumbList\",\"@id\":\"https:\/\/czech-film.cz\/en\/about-us\/#breadcrumb\",\"itemListElement\":[{\"@type\":\"ListItem\",\"position\":1,\"name\":\"\u00davod\",\"item\":\"https:\/\/czech-film.cz\/\"},{\"@type\":\"ListItem\",\"position\":2,\"name\":\"About us\"}]},{\"@type\":\"WebSite\",\"@id\":\"https:\/\/czech-film.cz\/#website\",\"url\":\"https:\/\/czech-film.cz\/\",\"name\":\"Czech FILM\",\"description\":\"filmov\u00e1 produkce, komplexn\u00ed produk\u010dn\u00ed servis\",\"potentialAction\":[{\"@type\":\"SearchAction\",\"target\":{\"@type\":\"EntryPoint\",\"urlTemplate\":\"https:\/\/czech-film.cz\/?s={search_term_string}\"},\"query-input\":\"required name=search_term_string\"}],\"inLanguage\":\"en-US\"}]}<\/script>\n<!-- \/ Yoast SEO plugin. -->","yoast_head_json":{"title":"About us - Czech FILM","description":"Czech FILM, the producers Tom\u00e1\u0161 B\u011blohradsk\u00fd and P\u0159emysl Klimsza, provides comprehensive film pre-production, production and post-production.","robots":{"index":"index","follow":"follow","max-snippet":"max-snippet:-1","max-image-preview":"max-image-preview:large","max-video-preview":"max-video-preview:-1"},"canonical":"https:\/\/czech-film.cz\/en\/about-us\/","og_locale":"en_US","og_type":"article","og_title":"About us - Czech FILM","og_description":"Czech FILM, the producers Tom\u00e1\u0161 B\u011blohradsk\u00fd and P\u0159emysl Klimsza, provides comprehensive film pre-production, production and post-production.","og_url":"https:\/\/czech-film.cz\/en\/about-us\/","og_site_name":"Czech FILM","article_modified_time":"2017-12-08T11:23:55+00:00","twitter_misc":{"Est. reading time":"1 minute"},"schema":{"@context":"https:\/\/schema.org","@graph":[{"@type":"WebPage","@id":"https:\/\/czech-film.cz\/en\/about-us\/","url":"https:\/\/czech-film.cz\/en\/about-us\/","name":"About us - Czech FILM","isPartOf":{"@id":"https:\/\/czech-film.cz\/#website"},"datePublished":"2012-03-09T13:39:08+00:00","dateModified":"2017-12-08T11:23:55+00:00","description":"Czech FILM, the producers Tom\u00e1\u0161 B\u011blohradsk\u00fd and P\u0159emysl Klimsza, provides comprehensive film pre-production, production and post-production.","breadcrumb":{"@id":"https:\/\/czech-film.cz\/en\/about-us\/#breadcrumb"},"inLanguage":"en-US","potentialAction":[{"@type":"ReadAction","target":["https:\/\/czech-film.cz\/en\/about-us\/"]}]},{"@type":"BreadcrumbList","@id":"https:\/\/czech-film.cz\/en\/about-us\/#breadcrumb","itemListElement":[{"@type":"ListItem","position":1,"name":"\u00davod","item":"https:\/\/czech-film.cz\/"},{"@type":"ListItem","position":2,"name":"About us"}]},{"@type":"WebSite","@id":"https:\/\/czech-film.cz\/#website","url":"https:\/\/czech-film.cz\/","name":"Czech FILM","description":"filmov\u00e1 produkce, komplexn\u00ed produk\u010dn\u00ed servis","potentialAction":[{"@type":"SearchAction","target":{"@type":"EntryPoint","urlTemplate":"https:\/\/czech-film.cz\/?s={search_term_string}"},"query-input":"required name=search_term_string"}],"inLanguage":"en-US"}]}},"_links":{"self":[{"href":"https:\/\/czech-film.cz\/en\/wp-json\/wp\/v2\/pages\/304"}],"collection":[{"href":"https:\/\/czech-film.cz\/en\/wp-json\/wp\/v2\/pages"}],"about":[{"href":"https:\/\/czech-film.cz\/en\/wp-json\/wp\/v2\/types\/page"}],"author":[{"embeddable":true,"href":"https:\/\/czech-film.cz\/en\/wp-json\/wp\/v2\/users\/6"}],"replies":[{"embeddable":true,"href":"https:\/\/czech-film.cz\/en\/wp-json\/wp\/v2\/comments?post=304"}],"version-history":[{"count":7,"href":"https:\/\/czech-film.cz\/en\/wp-json\/wp\/v2\/pages\/304\/revisions"}],"predecessor-version":[{"id":1207,"href":"https:\/\/czech-film.cz\/en\/wp-json\/wp\/v2\/pages\/304\/revisions\/1207"}],"wp:attachment":[{"href":"https:\/\/czech-film.cz\/en\/wp-json\/wp\/v2\/media?parent=304"}],"curies":[{"name":"wp","href":"https:\/\/api.w.org\/{rel}","templated":true}]}}