
{"id":301,"date":"2012-03-09T13:36:08","date_gmt":"2012-03-09T13:36:08","guid":{"rendered":"http:\/\/czech-film.cz\/?page_id=301"},"modified":"2015-08-10T13:56:05","modified_gmt":"2015-08-10T11:56:05","slug":"projects-old","status":"publish","type":"page","link":"https:\/\/czech-film.cz\/en\/projects-old\/","title":{"rendered":"Our projects"},"content":{"rendered":"<p>Due to the strategic partnership with an internet agency\u00a0 <a href=\"http:\/\/czmi.cz\">CZECH MULTIMEDIA INTERACTIVE<\/a> we provide services over a&nbsp;common framework for audiovisual production towards interactive media and especially internet.\u00a0 We participace in online projects such as <a title=\"Datab\u00e1ze hlas\u016f - dabing pro reklamu, film, zn\u011blky\" href=\"http:\/\/www.databaze-hlasu.cz\">Datab\u00e1ze hlas\u016f.cz<\/a>, <a title=\"Dabing\" href=\"http:\/\/dabing.cz\">Dabing.cz<\/a>, <a title=\"Augmentovan\u00e1 realita \/ Augmented Reality \/ Roz\u0161\u00ed\u0159en\u00e1 realita\" href=\"http:\/\/augmentovana-realita.cz\/\">Augmentovan\u00e1 realita.cz<\/a> or <a title=\"Reklamn\u00ed spot\" href=\"http:\/\/reklamni-spot.cz\">Reklamn\u00ed spot.cz<\/a>.<\/p>\n","protected":false},"excerpt":{"rendered":"<p>Due to the strategic partnership with an internet agency\u00a0 CZECH MULTIMEDIA INTERACTIVE we provide services over a&nbsp;common framework for audiovisual production towards interactive media and especially internet.\u00a0 We participace in online projects such as Datab\u00e1ze hlas\u016f.cz, Dabing.cz, Augmentovan\u00e1 realita.cz or Reklamn\u00ed spot.cz.<\/p>\n","protected":false},"author":6,"featured_media":0,"parent":0,"menu_order":2,"comment_status":"closed","ping_status":"closed","template":"","meta":{"footnotes":""},"yoast_head":"<!-- This site is optimized with the Yoast SEO plugin v22.8 - https:\/\/yoast.com\/wordpress\/plugins\/seo\/ -->\n<title>Our projects - Czech FILM<\/title>\n<meta name=\"description\" content=\"Our projects - Czech FILM - filmov\u00e1 produkce, komplexn\u00ed produk\u010dn\u00ed servis.\" \/>\n<meta name=\"robots\" content=\"index, follow, max-snippet:-1, max-image-preview:large, max-video-preview:-1\" \/>\n<link rel=\"canonical\" href=\"https:\/\/czech-film.cz\/en\/projects-old\/\" \/>\n<meta property=\"og:locale\" content=\"en_US\" \/>\n<meta property=\"og:type\" content=\"article\" \/>\n<meta property=\"og:title\" content=\"Our projects - Czech FILM\" \/>\n<meta property=\"og:description\" content=\"Our projects - Czech FILM - filmov\u00e1 produkce, komplexn\u00ed produk\u010dn\u00ed servis.\" \/>\n<meta property=\"og:url\" content=\"https:\/\/czech-film.cz\/en\/projects-old\/\" \/>\n<meta property=\"og:site_name\" content=\"Czech FILM\" \/>\n<meta property=\"article:modified_time\" content=\"2015-08-10T11:56:05+00:00\" \/>\n<script type=\"application\/ld+json\" class=\"yoast-schema-graph\">{\"@context\":\"https:\/\/schema.org\",\"@graph\":[{\"@type\":\"WebPage\",\"@id\":\"https:\/\/czech-film.cz\/en\/projects-old\/\",\"url\":\"https:\/\/czech-film.cz\/en\/projects-old\/\",\"name\":\"Our projects - Czech FILM\",\"isPartOf\":{\"@id\":\"https:\/\/czech-film.cz\/#website\"},\"datePublished\":\"2012-03-09T13:36:08+00:00\",\"dateModified\":\"2015-08-10T11:56:05+00:00\",\"description\":\"Our projects - Czech FILM - filmov\u00e1 produkce, komplexn\u00ed produk\u010dn\u00ed servis.\",\"breadcrumb\":{\"@id\":\"https:\/\/czech-film.cz\/en\/projects-old\/#breadcrumb\"},\"inLanguage\":\"en-US\",\"potentialAction\":[{\"@type\":\"ReadAction\",\"target\":[\"https:\/\/czech-film.cz\/en\/projects-old\/\"]}]},{\"@type\":\"BreadcrumbList\",\"@id\":\"https:\/\/czech-film.cz\/en\/projects-old\/#breadcrumb\",\"itemListElement\":[{\"@type\":\"ListItem\",\"position\":1,\"name\":\"\u00davod\",\"item\":\"https:\/\/czech-film.cz\/\"},{\"@type\":\"ListItem\",\"position\":2,\"name\":\"Our projects\"}]},{\"@type\":\"WebSite\",\"@id\":\"https:\/\/czech-film.cz\/#website\",\"url\":\"https:\/\/czech-film.cz\/\",\"name\":\"Czech FILM\",\"description\":\"filmov\u00e1 produkce, komplexn\u00ed produk\u010dn\u00ed servis\",\"potentialAction\":[{\"@type\":\"SearchAction\",\"target\":{\"@type\":\"EntryPoint\",\"urlTemplate\":\"https:\/\/czech-film.cz\/?s={search_term_string}\"},\"query-input\":\"required name=search_term_string\"}],\"inLanguage\":\"en-US\"}]}<\/script>\n<!-- \/ Yoast SEO plugin. -->","yoast_head_json":{"title":"Our projects - Czech FILM","description":"Our projects - Czech FILM - filmov\u00e1 produkce, komplexn\u00ed produk\u010dn\u00ed servis.","robots":{"index":"index","follow":"follow","max-snippet":"max-snippet:-1","max-image-preview":"max-image-preview:large","max-video-preview":"max-video-preview:-1"},"canonical":"https:\/\/czech-film.cz\/en\/projects-old\/","og_locale":"en_US","og_type":"article","og_title":"Our projects - Czech FILM","og_description":"Our projects - Czech FILM - filmov\u00e1 produkce, komplexn\u00ed produk\u010dn\u00ed servis.","og_url":"https:\/\/czech-film.cz\/en\/projects-old\/","og_site_name":"Czech FILM","article_modified_time":"2015-08-10T11:56:05+00:00","schema":{"@context":"https:\/\/schema.org","@graph":[{"@type":"WebPage","@id":"https:\/\/czech-film.cz\/en\/projects-old\/","url":"https:\/\/czech-film.cz\/en\/projects-old\/","name":"Our projects - Czech FILM","isPartOf":{"@id":"https:\/\/czech-film.cz\/#website"},"datePublished":"2012-03-09T13:36:08+00:00","dateModified":"2015-08-10T11:56:05+00:00","description":"Our projects - Czech FILM - filmov\u00e1 produkce, komplexn\u00ed produk\u010dn\u00ed servis.","breadcrumb":{"@id":"https:\/\/czech-film.cz\/en\/projects-old\/#breadcrumb"},"inLanguage":"en-US","potentialAction":[{"@type":"ReadAction","target":["https:\/\/czech-film.cz\/en\/projects-old\/"]}]},{"@type":"BreadcrumbList","@id":"https:\/\/czech-film.cz\/en\/projects-old\/#breadcrumb","itemListElement":[{"@type":"ListItem","position":1,"name":"\u00davod","item":"https:\/\/czech-film.cz\/"},{"@type":"ListItem","position":2,"name":"Our projects"}]},{"@type":"WebSite","@id":"https:\/\/czech-film.cz\/#website","url":"https:\/\/czech-film.cz\/","name":"Czech FILM","description":"filmov\u00e1 produkce, komplexn\u00ed produk\u010dn\u00ed servis","potentialAction":[{"@type":"SearchAction","target":{"@type":"EntryPoint","urlTemplate":"https:\/\/czech-film.cz\/?s={search_term_string}"},"query-input":"required name=search_term_string"}],"inLanguage":"en-US"}]}},"_links":{"self":[{"href":"https:\/\/czech-film.cz\/en\/wp-json\/wp\/v2\/pages\/301"}],"collection":[{"href":"https:\/\/czech-film.cz\/en\/wp-json\/wp\/v2\/pages"}],"about":[{"href":"https:\/\/czech-film.cz\/en\/wp-json\/wp\/v2\/types\/page"}],"author":[{"embeddable":true,"href":"https:\/\/czech-film.cz\/en\/wp-json\/wp\/v2\/users\/6"}],"replies":[{"embeddable":true,"href":"https:\/\/czech-film.cz\/en\/wp-json\/wp\/v2\/comments?post=301"}],"version-history":[{"count":1,"href":"https:\/\/czech-film.cz\/en\/wp-json\/wp\/v2\/pages\/301\/revisions"}],"predecessor-version":[{"id":780,"href":"https:\/\/czech-film.cz\/en\/wp-json\/wp\/v2\/pages\/301\/revisions\/780"}],"wp:attachment":[{"href":"https:\/\/czech-film.cz\/en\/wp-json\/wp\/v2\/media?parent=301"}],"curies":[{"name":"wp","href":"https:\/\/api.w.org\/{rel}","templated":true}]}}