
{"id":261,"date":"2012-03-08T12:46:17","date_gmt":"2012-03-08T12:46:17","guid":{"rendered":"http:\/\/czech-film.cz\/?page_id=261"},"modified":"2018-03-11T08:26:15","modified_gmt":"2018-03-11T07:26:15","slug":"contact","status":"publish","type":"page","link":"https:\/\/czech-film.cz\/en\/contact\/","title":{"rendered":"Contact"},"content":{"rendered":"<div class=\"kontakt\">\n<table>\n<tbody>\n<tr>\n<td width=\"20%\">Address:<\/td>\n<td width=\"50%\"><strong>Czech FILM s.r.o.<\/strong><br \/>\n<a href=\"http:\/\/www.mapy.cz\/#z=15&amp;t=s&amp;x=14.507612&amp;y=50.073654&amp;d=addr_9012623_1\" rel=\"external\">V Ol\u0161in\u00e1ch 2300\/75<\/a><br \/>\n100&nbsp;00 Praha 10<\/td>\n<td rowspan=\"6\" width=\"30%\"><img loading=\"lazy\" decoding=\"async\" class=\"alignright size-full wp-image-370\" title=\"Czech FILM - QR code\" alt=\"\" src=\"\/wp-content\/uploads\/2012\/02\/czech-film.gif\" width=\"114\" height=\"114\" \/><\/td>\n<\/tr>\n<tr>\n<td class=\"lab\">GPS:<\/td>\n<td>50\u00b04&#8217;25.784&#8221;N, 14\u00b030&#8217;16.532&#8221;E<\/td>\n<\/tr>\n<tr>\n<td class=\"lab\">Identification:<\/td>\n<td>ID: 24215911, VAT: CZ24215911<br \/>\nDUNS: 367003038<\/td>\n<\/tr>\n<td class=\"lab\">File number:<\/td>\n<td>C 189467 filed at the Municipal Court in Prague<\/td>\n<\/tr>\n<td class=\"lab\">Phone:<\/td>\n<td>+420&nbsp;724&nbsp;171&nbsp;724<\/td>\n<\/tr>\n<tr>\n<tr>\n<td class=\"lab\">E-mail:<\/td>\n<td><a href=\"mailto:sales@czech-film.cz\">sales@czech-film.cz<\/a><\/td>\n<\/tr>\n<tr>\n<td class=\"lab\">Internet:<\/td>\n<td><a href=\"http:\/\/czech-film.cz\">www.czech-film.cz<\/a><\/td>\n<\/tr>\n<\/tbody>\n<\/table>\n<p>Team Czech FILM\u00a0resides on the 1st floor of the building in the street V&nbsp;Ol\u0161in\u00e1ch 2300\/75 in Prague 10 &#8211; Stra\u0161nice.\u00a0The bus stop Dobro\u010dovick\u00e1 is in front of the building, bus 188 (one station from metro Stra\u0161nick\u00e1).<\/p>\n<\/div>\n","protected":false},"excerpt":{"rendered":"<p>Address: Czech FILM s.r.o. V&nbsp;Ol\u0161in\u00e1ch 2300\/75&nbsp;100&nbsp;00 Praha 10 GPS: 50\u00b04&#8217;25.784&#8221;N, 14\u00b030&#8217;16.532&#8221;E Identification: ID: 24215911, VAT: CZ24215911 DUNS: 367003038 File number: C 189467 filed at the Municipal Court in Prague Phone: +420&nbsp;724&nbsp;171&nbsp;724 E-mail: sales@czech-film.cz Internet: www.czech-film.cz Team Czech FILM\u00a0resides on the 1st floor of the building in the street V&nbsp;Ol\u0161in\u00e1ch 2300\/75 in Prague 10<\/p>\n","protected":false},"author":6,"featured_media":0,"parent":0,"menu_order":10,"comment_status":"closed","ping_status":"closed","template":"kontakt.php","meta":{"footnotes":""},"yoast_head":"<!-- This site is optimized with the Yoast SEO plugin v22.8 - https:\/\/yoast.com\/wordpress\/plugins\/seo\/ -->\n<title>Contact - Czech FILM<\/title>\n<meta name=\"description\" content=\"Contact - Czech FILM - filmov\u00e1 produkce, komplexn\u00ed produk\u010dn\u00ed servis.\" \/>\n<meta name=\"robots\" content=\"index, follow, max-snippet:-1, max-image-preview:large, max-video-preview:-1\" \/>\n<link rel=\"canonical\" href=\"https:\/\/czech-film.cz\/en\/contact\/\" \/>\n<meta property=\"og:locale\" content=\"en_US\" \/>\n<meta property=\"og:type\" content=\"article\" \/>\n<meta property=\"og:title\" content=\"Contact - Czech FILM\" \/>\n<meta property=\"og:description\" content=\"Contact - Czech FILM - filmov\u00e1 produkce, komplexn\u00ed produk\u010dn\u00ed servis.\" \/>\n<meta property=\"og:url\" content=\"https:\/\/czech-film.cz\/en\/contact\/\" \/>\n<meta property=\"og:site_name\" content=\"Czech FILM\" \/>\n<meta property=\"article:modified_time\" content=\"2018-03-11T07:26:15+00:00\" \/>\n<script type=\"application\/ld+json\" class=\"yoast-schema-graph\">{\"@context\":\"https:\/\/schema.org\",\"@graph\":[{\"@type\":\"WebPage\",\"@id\":\"https:\/\/czech-film.cz\/en\/contact\/\",\"url\":\"https:\/\/czech-film.cz\/en\/contact\/\",\"name\":\"Contact - Czech FILM\",\"isPartOf\":{\"@id\":\"https:\/\/czech-film.cz\/#website\"},\"datePublished\":\"2012-03-08T12:46:17+00:00\",\"dateModified\":\"2018-03-11T07:26:15+00:00\",\"description\":\"Contact - Czech FILM - filmov\u00e1 produkce, komplexn\u00ed produk\u010dn\u00ed servis.\",\"breadcrumb\":{\"@id\":\"https:\/\/czech-film.cz\/en\/contact\/#breadcrumb\"},\"inLanguage\":\"en-US\",\"potentialAction\":[{\"@type\":\"ReadAction\",\"target\":[\"https:\/\/czech-film.cz\/en\/contact\/\"]}]},{\"@type\":\"BreadcrumbList\",\"@id\":\"https:\/\/czech-film.cz\/en\/contact\/#breadcrumb\",\"itemListElement\":[{\"@type\":\"ListItem\",\"position\":1,\"name\":\"\u00davod\",\"item\":\"https:\/\/czech-film.cz\/\"},{\"@type\":\"ListItem\",\"position\":2,\"name\":\"Contact\"}]},{\"@type\":\"WebSite\",\"@id\":\"https:\/\/czech-film.cz\/#website\",\"url\":\"https:\/\/czech-film.cz\/\",\"name\":\"Czech FILM\",\"description\":\"filmov\u00e1 produkce, komplexn\u00ed produk\u010dn\u00ed servis\",\"potentialAction\":[{\"@type\":\"SearchAction\",\"target\":{\"@type\":\"EntryPoint\",\"urlTemplate\":\"https:\/\/czech-film.cz\/?s={search_term_string}\"},\"query-input\":\"required name=search_term_string\"}],\"inLanguage\":\"en-US\"}]}<\/script>\n<!-- \/ Yoast SEO plugin. -->","yoast_head_json":{"title":"Contact - Czech FILM","description":"Contact - Czech FILM - filmov\u00e1 produkce, komplexn\u00ed produk\u010dn\u00ed servis.","robots":{"index":"index","follow":"follow","max-snippet":"max-snippet:-1","max-image-preview":"max-image-preview:large","max-video-preview":"max-video-preview:-1"},"canonical":"https:\/\/czech-film.cz\/en\/contact\/","og_locale":"en_US","og_type":"article","og_title":"Contact - Czech FILM","og_description":"Contact - Czech FILM - filmov\u00e1 produkce, komplexn\u00ed produk\u010dn\u00ed servis.","og_url":"https:\/\/czech-film.cz\/en\/contact\/","og_site_name":"Czech FILM","article_modified_time":"2018-03-11T07:26:15+00:00","schema":{"@context":"https:\/\/schema.org","@graph":[{"@type":"WebPage","@id":"https:\/\/czech-film.cz\/en\/contact\/","url":"https:\/\/czech-film.cz\/en\/contact\/","name":"Contact - Czech FILM","isPartOf":{"@id":"https:\/\/czech-film.cz\/#website"},"datePublished":"2012-03-08T12:46:17+00:00","dateModified":"2018-03-11T07:26:15+00:00","description":"Contact - Czech FILM - filmov\u00e1 produkce, komplexn\u00ed produk\u010dn\u00ed servis.","breadcrumb":{"@id":"https:\/\/czech-film.cz\/en\/contact\/#breadcrumb"},"inLanguage":"en-US","potentialAction":[{"@type":"ReadAction","target":["https:\/\/czech-film.cz\/en\/contact\/"]}]},{"@type":"BreadcrumbList","@id":"https:\/\/czech-film.cz\/en\/contact\/#breadcrumb","itemListElement":[{"@type":"ListItem","position":1,"name":"\u00davod","item":"https:\/\/czech-film.cz\/"},{"@type":"ListItem","position":2,"name":"Contact"}]},{"@type":"WebSite","@id":"https:\/\/czech-film.cz\/#website","url":"https:\/\/czech-film.cz\/","name":"Czech FILM","description":"filmov\u00e1 produkce, komplexn\u00ed produk\u010dn\u00ed servis","potentialAction":[{"@type":"SearchAction","target":{"@type":"EntryPoint","urlTemplate":"https:\/\/czech-film.cz\/?s={search_term_string}"},"query-input":"required name=search_term_string"}],"inLanguage":"en-US"}]}},"_links":{"self":[{"href":"https:\/\/czech-film.cz\/en\/wp-json\/wp\/v2\/pages\/261"}],"collection":[{"href":"https:\/\/czech-film.cz\/en\/wp-json\/wp\/v2\/pages"}],"about":[{"href":"https:\/\/czech-film.cz\/en\/wp-json\/wp\/v2\/types\/page"}],"author":[{"embeddable":true,"href":"https:\/\/czech-film.cz\/en\/wp-json\/wp\/v2\/users\/6"}],"replies":[{"embeddable":true,"href":"https:\/\/czech-film.cz\/en\/wp-json\/wp\/v2\/comments?post=261"}],"version-history":[{"count":7,"href":"https:\/\/czech-film.cz\/en\/wp-json\/wp\/v2\/pages\/261\/revisions"}],"predecessor-version":[{"id":1247,"href":"https:\/\/czech-film.cz\/en\/wp-json\/wp\/v2\/pages\/261\/revisions\/1247"}],"wp:attachment":[{"href":"https:\/\/czech-film.cz\/en\/wp-json\/wp\/v2\/media?parent=261"}],"curies":[{"name":"wp","href":"https:\/\/api.w.org\/{rel}","templated":true}]}}